{"id":1527,"date":"2018-11-27T09:17:08","date_gmt":"2018-11-27T08:17:08","guid":{"rendered":"https:\/\/elektrobiesy.pl\/about\/"},"modified":"2022-06-22T19:14:37","modified_gmt":"2022-06-22T17:14:37","slug":"o-nas","status":"publish","type":"page","link":"https:\/\/elektrobiesy.pl\/en\/o-nas\/","title":{"rendered":"About Us"},"content":{"rendered":"<div data-elementor-type=\"wp-post\" data-elementor-id=\"1527\" class=\"elementor elementor-1527\">\n\t\t\t\t\t\t\t\t\t<section class=\"elementor-section elementor-top-section elementor-element elementor-element-d7d8b56 elementor-section-boxed elementor-section-height-default elementor-section-height-default\" data-id=\"d7d8b56\" data-element_type=\"section\" data-settings=\"{&quot;background_background&quot;:&quot;classic&quot;}\">\n\t\t\t\t\t\t\t<div class=\"elementor-background-overlay\"><\/div>\n\t\t\t\t\t\t\t<div class=\"elementor-container elementor-column-gap-default\">\n\t\t\t\t\t<div class=\"elementor-column elementor-col-100 elementor-top-column elementor-element elementor-element-fd69444\" data-id=\"fd69444\" data-element_type=\"column\">\n\t\t\t<div class=\"elementor-widget-wrap elementor-element-populated\">\n\t\t\t\t\t\t\t\t<div class=\"elementor-element elementor-element-abcc2f2 elementor-widget elementor-widget-heading\" data-id=\"abcc2f2\" data-element_type=\"widget\" data-widget_type=\"heading.default\">\n\t\t\t\t<div class=\"elementor-widget-container\">\n\t\t\t<style>\/*! elementor - v3.6.5 - 27-04-2022 *\/\n.elementor-heading-title{padding:0;margin:0;line-height:1}.elementor-widget-heading .elementor-heading-title[class*=elementor-size-]>a{color:inherit;font-size:inherit;line-height:inherit}.elementor-widget-heading .elementor-heading-title.elementor-size-small{font-size:15px}.elementor-widget-heading .elementor-heading-title.elementor-size-medium{font-size:19px}.elementor-widget-heading .elementor-heading-title.elementor-size-large{font-size:29px}.elementor-widget-heading .elementor-heading-title.elementor-size-xl{font-size:39px}.elementor-widget-heading .elementor-heading-title.elementor-size-xxl{font-size:59px}<\/style><h1 class=\"elementor-heading-title elementor-size-default\">Who are we?<\/h1>\t\t<\/div>\n\t\t\t\t<\/div>\n\t\t\t\t\t<\/div>\n\t\t<\/div>\n\t\t\t\t\t\t\t<\/div>\n\t\t<\/section>\n\t\t\t\t<section class=\"elementor-section elementor-top-section elementor-element elementor-element-5c40d7b elementor-section-boxed elementor-section-height-default elementor-section-height-default\" data-id=\"5c40d7b\" data-element_type=\"section\">\n\t\t\t\t\t\t<div class=\"elementor-container elementor-column-gap-default\">\n\t\t\t\t\t<div class=\"elementor-column elementor-col-50 elementor-top-column elementor-element elementor-element-2ebbf9c\" data-id=\"2ebbf9c\" data-element_type=\"column\">\n\t\t\t<div class=\"elementor-widget-wrap elementor-element-populated\">\n\t\t\t\t\t\t\t\t<div class=\"elementor-element elementor-element-fe195c7 elementor-widget elementor-widget-heading\" data-id=\"fe195c7\" data-element_type=\"widget\" data-widget_type=\"heading.default\">\n\t\t\t\t<div class=\"elementor-widget-container\">\n\t\t\t<h2 class=\"elementor-heading-title elementor-size-default\">Get to know us<\/h2>\t\t<\/div>\n\t\t\t\t<\/div>\n\t\t\t\t<div class=\"elementor-element elementor-element-dc051dd elementor-widget-divider--view-line elementor-widget elementor-widget-divider\" data-id=\"dc051dd\" data-element_type=\"widget\" data-widget_type=\"divider.default\">\n\t\t\t\t<div class=\"elementor-widget-container\">\n\t\t\t<style>\/*! elementor - v3.6.5 - 27-04-2022 *\/\n.elementor-widget-divider{--divider-border-style:none;--divider-border-width:1px;--divider-color:#2c2c2c;--divider-icon-size:20px;--divider-element-spacing:10px;--divider-pattern-height:24px;--divider-pattern-size:20px;--divider-pattern-url:none;--divider-pattern-repeat:repeat-x}.elementor-widget-divider .elementor-divider{display:-webkit-box;display:-ms-flexbox;display:flex}.elementor-widget-divider .elementor-divider__text{font-size:15px;line-height:1;max-width:95%}.elementor-widget-divider .elementor-divider__element{margin:0 var(--divider-element-spacing);-ms-flex-negative:0;flex-shrink:0}.elementor-widget-divider .elementor-icon{font-size:var(--divider-icon-size)}.elementor-widget-divider .elementor-divider-separator{display:-webkit-box;display:-ms-flexbox;display:flex;margin:0;direction:ltr}.elementor-widget-divider--view-line_icon .elementor-divider-separator,.elementor-widget-divider--view-line_text .elementor-divider-separator{-webkit-box-align:center;-ms-flex-align:center;align-items:center}.elementor-widget-divider--view-line_icon .elementor-divider-separator:after,.elementor-widget-divider--view-line_icon .elementor-divider-separator:before,.elementor-widget-divider--view-line_text .elementor-divider-separator:after,.elementor-widget-divider--view-line_text .elementor-divider-separator:before{display:block;content:\"\";border-bottom:0;-webkit-box-flex:1;-ms-flex-positive:1;flex-grow:1;border-top:var(--divider-border-width) var(--divider-border-style) var(--divider-color)}.elementor-widget-divider--element-align-left .elementor-divider .elementor-divider-separator>.elementor-divider__svg:first-of-type{-webkit-box-flex:0;-ms-flex-positive:0;flex-grow:0;-ms-flex-negative:100;flex-shrink:100}.elementor-widget-divider--element-align-left .elementor-divider-separator:before{content:none}.elementor-widget-divider--element-align-left .elementor-divider__element{margin-left:0}.elementor-widget-divider--element-align-right .elementor-divider .elementor-divider-separator>.elementor-divider__svg:last-of-type{-webkit-box-flex:0;-ms-flex-positive:0;flex-grow:0;-ms-flex-negative:100;flex-shrink:100}.elementor-widget-divider--element-align-right .elementor-divider-separator:after{content:none}.elementor-widget-divider--element-align-right .elementor-divider__element{margin-right:0}.elementor-widget-divider:not(.elementor-widget-divider--view-line_text):not(.elementor-widget-divider--view-line_icon) .elementor-divider-separator{border-top:var(--divider-border-width) var(--divider-border-style) var(--divider-color)}.elementor-widget-divider--separator-type-pattern{--divider-border-style:none}.elementor-widget-divider--separator-type-pattern.elementor-widget-divider--view-line .elementor-divider-separator,.elementor-widget-divider--separator-type-pattern:not(.elementor-widget-divider--view-line) .elementor-divider-separator:after,.elementor-widget-divider--separator-type-pattern:not(.elementor-widget-divider--view-line) .elementor-divider-separator:before,.elementor-widget-divider--separator-type-pattern:not([class*=elementor-widget-divider--view]) .elementor-divider-separator{width:100%;min-height:var(--divider-pattern-height);-webkit-mask-size:var(--divider-pattern-size) 100%;mask-size:var(--divider-pattern-size) 100%;-webkit-mask-repeat:var(--divider-pattern-repeat);mask-repeat:var(--divider-pattern-repeat);background-color:var(--divider-color);-webkit-mask-image:var(--divider-pattern-url);mask-image:var(--divider-pattern-url)}.elementor-widget-divider--no-spacing{--divider-pattern-size:auto}.elementor-widget-divider--bg-round{--divider-pattern-repeat:round}.rtl .elementor-widget-divider .elementor-divider__text{direction:rtl}<\/style>\t\t<div class=\"elementor-divider\">\n\t\t\t<span class=\"elementor-divider-separator\">\n\t\t\t\t\t\t<\/span>\n\t\t<\/div>\n\t\t\t\t<\/div>\n\t\t\t\t<\/div>\n\t\t\t\t<div class=\"elementor-element elementor-element-e5f497e elementor-widget elementor-widget-text-editor\" data-id=\"e5f497e\" data-element_type=\"widget\" data-widget_type=\"text-editor.default\">\n\t\t\t\t<div class=\"elementor-widget-container\">\n\t\t\t<style>\/*! elementor - v3.6.5 - 27-04-2022 *\/\n.elementor-widget-text-editor.elementor-drop-cap-view-stacked .elementor-drop-cap{background-color:#818a91;color:#fff}.elementor-widget-text-editor.elementor-drop-cap-view-framed .elementor-drop-cap{color:#818a91;border:3px solid;background-color:transparent}.elementor-widget-text-editor:not(.elementor-drop-cap-view-default) .elementor-drop-cap{margin-top:8px}.elementor-widget-text-editor:not(.elementor-drop-cap-view-default) .elementor-drop-cap-letter{width:1em;height:1em}.elementor-widget-text-editor .elementor-drop-cap{float:left;text-align:center;line-height:1;font-size:50px}.elementor-widget-text-editor .elementor-drop-cap-letter{display:inline-block}<\/style>\t\t\t\t<p><span style=\"font-weight: 400\">The interest in the Bieszczady mountain region of Poland isn\u2019t waning. On the contrary \u2013 this wild and once forgotten neck of the woods is steadily gaining popularity among tourists. No wonder \u2013 it\u2019s one of the few places in Europe where you can still experience true calm and serenity. Lose yourself among the trees, take a rest from the city\u2019s hustle and bustle, and forget about the breakneck speed of 21st-century life \u2013 at least for a minute.\u00a0<\/span><\/p>\t\t\t\t\t\t<\/div>\n\t\t\t\t<\/div>\n\t\t\t\t<div class=\"elementor-element elementor-element-de14dfc elementor-widget elementor-widget-text-editor\" data-id=\"de14dfc\" data-element_type=\"widget\" data-widget_type=\"text-editor.default\">\n\t\t\t\t<div class=\"elementor-widget-container\">\n\t\t\t\t\t\t\t<p><span style=\"font-style: inherit;background-color: var(--ast-global-color-4);color: var(--ast-global-color-3)\">These mountains have been a huge part of our lives. As locals, we know these people, we have our favorite woodland paths for morning walks, and we know how to get to places you won\u2019t find in any tourist guide.<\/span><\/p>\t\t\t\t\t\t<\/div>\n\t\t\t\t<\/div>\n\t\t\t\t<div class=\"elementor-element elementor-element-57be944 elementor-widget elementor-widget-text-editor\" data-id=\"57be944\" data-element_type=\"widget\" data-widget_type=\"text-editor.default\">\n\t\t\t\t<div class=\"elementor-widget-container\">\n\t\t\t\t\t\t\t<p><span style=\"font-style: inherit;background-color: var(--ast-global-color-4);color: var(--ast-global-color-3)\">Elektrobiesy is a family-run company that grew from our folk knowledge, a love for Bieszczady, and the desire to bridge the gap between the lovers of slow relaxation and fans of active leisure. We make it possible for you to enjoy the fresh air and unforgettable sights \u2013 all without breaking out a sweat. Our mission was to make mountain biking accessible for everyone, no matter their age or the shape they\u2019re in.<\/span><\/p>\t\t\t\t\t\t<\/div>\n\t\t\t\t<\/div>\n\t\t\t\t\t<\/div>\n\t\t<\/div>\n\t\t\t\t<div class=\"elementor-column elementor-col-50 elementor-top-column elementor-element elementor-element-e5fdae0\" data-id=\"e5fdae0\" data-element_type=\"column\">\n\t\t\t<div class=\"elementor-widget-wrap elementor-element-populated\">\n\t\t\t\t\t\t\t\t<div class=\"elementor-element elementor-element-96b5b53 elementor-widget elementor-widget-image\" data-id=\"96b5b53\" data-element_type=\"widget\" data-widget_type=\"image.default\">\n\t\t\t\t<div class=\"elementor-widget-container\">\n\t\t\t<style>\/*! elementor - v3.6.5 - 27-04-2022 *\/\n.elementor-widget-image{text-align:center}.elementor-widget-image a{display:inline-block}.elementor-widget-image a img[src$=\".svg\"]{width:48px}.elementor-widget-image img{vertical-align:middle;display:inline-block}<\/style>\t\t\t\t\t\t\t\t\t\t\t\t<img width=\"500\" height=\"334\" src=\"https:\/\/elektrobiesy.pl\/wp-content\/uploads\/2022\/06\/EB10-1-of-1-scaled-e1656174866589.jpg\" class=\"attachment-full size-full\" alt=\"\" loading=\"lazy\" srcset=\"https:\/\/elektrobiesy.pl\/wp-content\/uploads\/2022\/06\/EB10-1-of-1-scaled-e1656174866589.jpg 500w, https:\/\/elektrobiesy.pl\/wp-content\/uploads\/2022\/06\/EB10-1-of-1-scaled-e1656174866589-300x200.jpg 300w\" sizes=\"(max-width: 500px) 100vw, 500px\" \/>\t\t\t\t\t\t\t\t\t\t\t\t\t\t\t<\/div>\n\t\t\t\t<\/div>\n\t\t\t\t\t<\/div>\n\t\t<\/div>\n\t\t\t\t\t\t\t<\/div>\n\t\t<\/section>\n\t\t\t\t\t\t\t<\/div>","protected":false},"excerpt":{"rendered":"<p>KIM JESTE\u015aMY? POZNAJ NAS BLI\u017bEJ Zainteresowanie Bieszczadami nie maleje, a wr\u0119cz przeciwnie \u2013 ten dziki i niegdy\u015b zapomniany zak\u0105tek Polski cieszy si\u0119 coraz wi\u0119ksz\u0105 popularno\u015bci\u0105. To wyj\u0105tkowe miejsce, w kt\u00f3rym odpoczniesz od miejskiego zgie\u0142ku i XXI-wiecznego p\u0119dz\u0105cego rytmu \u017cycia.\u00a0 My z Bieszczadami zwi\u0105zani jeste\u015bmy od lat. Znamy tutejszych ludzi, mamy swoje ulubione \u015bcie\u017cki w lasach &hellip;<\/p>\n<p class=\"read-more\"> <a class=\"\" href=\"https:\/\/elektrobiesy.pl\/en\/o-nas\/\"> <span class=\"screen-reader-text\">About Us<\/span> Read More &raquo;<\/a><\/p>","protected":false},"author":1,"featured_media":0,"parent":0,"menu_order":0,"comment_status":"closed","ping_status":"closed","template":"","meta":{"site-sidebar-layout":"no-sidebar","site-content-layout":"page-builder","ast-global-header-display":"","ast-main-header-display":"","ast-hfb-above-header-display":"","ast-hfb-below-header-display":"","ast-hfb-mobile-header-display":"","site-post-title":"disabled","ast-breadcrumbs-content":"","ast-featured-img":"disabled","footer-sml-layout":"","theme-transparent-header-meta":"enabled","adv-header-id-meta":"","stick-header-meta":"","header-above-stick-meta":"","header-main-stick-meta":"","header-below-stick-meta":""},"yoast_head":"<!-- This site is optimized with the Yoast SEO plugin v19.1 - https:\/\/yoast.com\/wordpress\/plugins\/seo\/ -->\n<title>O nas - Elektrobiesy Wypo\u017cyczalnia rower\u00f3w elektrycznych<\/title>\n<meta name=\"robots\" content=\"index, follow, max-snippet:-1, max-image-preview:large, max-video-preview:-1\" \/>\n<link rel=\"canonical\" href=\"https:\/\/elektrobiesy.pl\/en\/o-nas\/\" \/>\n<meta property=\"og:locale\" content=\"en_GB\" \/>\n<meta property=\"og:type\" content=\"article\" \/>\n<meta property=\"og:title\" content=\"O nas - Elektrobiesy Wypo\u017cyczalnia rower\u00f3w elektrycznych\" \/>\n<meta property=\"og:description\" content=\"KIM JESTE\u015aMY? POZNAJ NAS BLI\u017bEJ Zainteresowanie Bieszczadami nie maleje, a wr\u0119cz przeciwnie \u2013 ten dziki i niegdy\u015b zapomniany zak\u0105tek Polski cieszy si\u0119 coraz wi\u0119ksz\u0105 popularno\u015bci\u0105. To wyj\u0105tkowe miejsce, w kt\u00f3rym odpoczniesz od miejskiego zgie\u0142ku i XXI-wiecznego p\u0119dz\u0105cego rytmu \u017cycia.\u00a0 My z Bieszczadami zwi\u0105zani jeste\u015bmy od lat. Znamy tutejszych ludzi, mamy swoje ulubione \u015bcie\u017cki w lasach &hellip; O nas Read More &raquo;\" \/>\n<meta property=\"og:url\" content=\"https:\/\/elektrobiesy.pl\/en\/o-nas\/\" \/>\n<meta property=\"og:site_name\" content=\"Elektrobiesy\" \/>\n<meta property=\"article:modified_time\" content=\"2022-06-22T17:14:37+00:00\" \/>\n<meta property=\"og:image\" content=\"https:\/\/elektrobiesy.pl\/wp-content\/uploads\/2022\/06\/EB10-1-of-1-scaled.jpg\" \/>\n<meta name=\"twitter:card\" content=\"summary_large_image\" \/>\n<meta name=\"twitter:label1\" content=\"Est. reading time\" \/>\n\t<meta name=\"twitter:data1\" content=\"1 minute\" \/>\n<script type=\"application\/ld+json\" class=\"yoast-schema-graph\">{\"@context\":\"https:\/\/schema.org\",\"@graph\":[{\"@type\":\"WebSite\",\"@id\":\"https:\/\/elektrobiesy.pl\/#website\",\"url\":\"https:\/\/elektrobiesy.pl\/\",\"name\":\"Elektrobiesy\",\"description\":\"Wypo\u017cyczalnia rower\u00f3w elektrycznych\",\"potentialAction\":[{\"@type\":\"SearchAction\",\"target\":{\"@type\":\"EntryPoint\",\"urlTemplate\":\"https:\/\/elektrobiesy.pl\/?s={search_term_string}\"},\"query-input\":\"required name=search_term_string\"}],\"inLanguage\":\"en-GB\"},{\"@type\":\"ImageObject\",\"inLanguage\":\"en-GB\",\"@id\":\"https:\/\/elektrobiesy.pl\/o-nas\/#primaryimage\",\"url\":\"https:\/\/elektrobiesy.pl\/wp-content\/uploads\/2022\/06\/EB10-1-of-1-scaled.jpg\",\"contentUrl\":\"https:\/\/elektrobiesy.pl\/wp-content\/uploads\/2022\/06\/EB10-1-of-1-scaled.jpg\"},{\"@type\":\"WebPage\",\"@id\":\"https:\/\/elektrobiesy.pl\/o-nas\/#webpage\",\"url\":\"https:\/\/elektrobiesy.pl\/o-nas\/\",\"name\":\"O nas - Elektrobiesy Wypo\u017cyczalnia rower\u00f3w elektrycznych\",\"isPartOf\":{\"@id\":\"https:\/\/elektrobiesy.pl\/#website\"},\"primaryImageOfPage\":{\"@id\":\"https:\/\/elektrobiesy.pl\/o-nas\/#primaryimage\"},\"datePublished\":\"2018-11-27T08:17:08+00:00\",\"dateModified\":\"2022-06-22T17:14:37+00:00\",\"breadcrumb\":{\"@id\":\"https:\/\/elektrobiesy.pl\/o-nas\/#breadcrumb\"},\"inLanguage\":\"en-GB\",\"potentialAction\":[{\"@type\":\"ReadAction\",\"target\":[\"https:\/\/elektrobiesy.pl\/o-nas\/\"]}]},{\"@type\":\"BreadcrumbList\",\"@id\":\"https:\/\/elektrobiesy.pl\/o-nas\/#breadcrumb\",\"itemListElement\":[{\"@type\":\"ListItem\",\"position\":1,\"name\":\"Strona g\u0142\u00f3wna\",\"item\":\"https:\/\/elektrobiesy.pl\/\"},{\"@type\":\"ListItem\",\"position\":2,\"name\":\"O nas\"}]}]}<\/script>\n<!-- \/ Yoast SEO plugin. -->","yoast_head_json":{"title":"O nas - Elektrobiesy Wypo\u017cyczalnia rower\u00f3w elektrycznych","robots":{"index":"index","follow":"follow","max-snippet":"max-snippet:-1","max-image-preview":"max-image-preview:large","max-video-preview":"max-video-preview:-1"},"canonical":"https:\/\/elektrobiesy.pl\/en\/o-nas\/","og_locale":"en_GB","og_type":"article","og_title":"O nas - Elektrobiesy Wypo\u017cyczalnia rower\u00f3w elektrycznych","og_description":"KIM JESTE\u015aMY? POZNAJ NAS BLI\u017bEJ Zainteresowanie Bieszczadami nie maleje, a wr\u0119cz przeciwnie \u2013 ten dziki i niegdy\u015b zapomniany zak\u0105tek Polski cieszy si\u0119 coraz wi\u0119ksz\u0105 popularno\u015bci\u0105. To wyj\u0105tkowe miejsce, w kt\u00f3rym odpoczniesz od miejskiego zgie\u0142ku i XXI-wiecznego p\u0119dz\u0105cego rytmu \u017cycia.\u00a0 My z Bieszczadami zwi\u0105zani jeste\u015bmy od lat. Znamy tutejszych ludzi, mamy swoje ulubione \u015bcie\u017cki w lasach &hellip; O nas Read More &raquo;","og_url":"https:\/\/elektrobiesy.pl\/en\/o-nas\/","og_site_name":"Elektrobiesy","article_modified_time":"2022-06-22T17:14:37+00:00","og_image":[{"url":"https:\/\/elektrobiesy.pl\/wp-content\/uploads\/2022\/06\/EB10-1-of-1-scaled.jpg"}],"twitter_card":"summary_large_image","twitter_misc":{"Est. reading time":"1 minute"},"schema":{"@context":"https:\/\/schema.org","@graph":[{"@type":"WebSite","@id":"https:\/\/elektrobiesy.pl\/#website","url":"https:\/\/elektrobiesy.pl\/","name":"Elektrobiesy","description":"Wypo\u017cyczalnia rower\u00f3w elektrycznych","potentialAction":[{"@type":"SearchAction","target":{"@type":"EntryPoint","urlTemplate":"https:\/\/elektrobiesy.pl\/?s={search_term_string}"},"query-input":"required name=search_term_string"}],"inLanguage":"en-GB"},{"@type":"ImageObject","inLanguage":"en-GB","@id":"https:\/\/elektrobiesy.pl\/o-nas\/#primaryimage","url":"https:\/\/elektrobiesy.pl\/wp-content\/uploads\/2022\/06\/EB10-1-of-1-scaled.jpg","contentUrl":"https:\/\/elektrobiesy.pl\/wp-content\/uploads\/2022\/06\/EB10-1-of-1-scaled.jpg"},{"@type":"WebPage","@id":"https:\/\/elektrobiesy.pl\/o-nas\/#webpage","url":"https:\/\/elektrobiesy.pl\/o-nas\/","name":"O nas - Elektrobiesy Wypo\u017cyczalnia rower\u00f3w elektrycznych","isPartOf":{"@id":"https:\/\/elektrobiesy.pl\/#website"},"primaryImageOfPage":{"@id":"https:\/\/elektrobiesy.pl\/o-nas\/#primaryimage"},"datePublished":"2018-11-27T08:17:08+00:00","dateModified":"2022-06-22T17:14:37+00:00","breadcrumb":{"@id":"https:\/\/elektrobiesy.pl\/o-nas\/#breadcrumb"},"inLanguage":"en-GB","potentialAction":[{"@type":"ReadAction","target":["https:\/\/elektrobiesy.pl\/o-nas\/"]}]},{"@type":"BreadcrumbList","@id":"https:\/\/elektrobiesy.pl\/o-nas\/#breadcrumb","itemListElement":[{"@type":"ListItem","position":1,"name":"Strona g\u0142\u00f3wna","item":"https:\/\/elektrobiesy.pl\/"},{"@type":"ListItem","position":2,"name":"O nas"}]}]}},"_links":{"self":[{"href":"https:\/\/elektrobiesy.pl\/en\/wp-json\/wp\/v2\/pages\/1527"}],"collection":[{"href":"https:\/\/elektrobiesy.pl\/en\/wp-json\/wp\/v2\/pages"}],"about":[{"href":"https:\/\/elektrobiesy.pl\/en\/wp-json\/wp\/v2\/types\/page"}],"author":[{"embeddable":true,"href":"https:\/\/elektrobiesy.pl\/en\/wp-json\/wp\/v2\/users\/1"}],"replies":[{"embeddable":true,"href":"https:\/\/elektrobiesy.pl\/en\/wp-json\/wp\/v2\/comments?post=1527"}],"version-history":[{"count":20,"href":"https:\/\/elektrobiesy.pl\/en\/wp-json\/wp\/v2\/pages\/1527\/revisions"}],"predecessor-version":[{"id":2102,"href":"https:\/\/elektrobiesy.pl\/en\/wp-json\/wp\/v2\/pages\/1527\/revisions\/2102"}],"wp:attachment":[{"href":"https:\/\/elektrobiesy.pl\/en\/wp-json\/wp\/v2\/media?parent=1527"}],"curies":[{"name":"wp","href":"https:\/\/api.w.org\/{rel}","templated":true}]}}